{"id":109,"date":"2020-01-15T12:33:45","date_gmt":"2020-01-15T11:33:45","guid":{"rendered":"http:\/\/lepszedaszewice.pl\/?page_id=109"},"modified":"2024-07-03T20:53:58","modified_gmt":"2024-07-03T18:53:58","slug":"kontakt-2","status":"publish","type":"page","link":"https:\/\/lepszedaszewice.pl\/?page_id=109","title":{"rendered":"Kontakt"},"content":{"rendered":"\n<p class=\"has-very-dark-gray-color has-text-color\" style=\"font-size:23px\">Osoby zainteresowane informujemy, \u017ce spotykamy si\u0119 w ka\u017cdy pierwszy i trzeci czwartek miesi\u0105ca o godz. 20:00 w \u015awietlicy Wiejskiej w Daszewicach, ul. Piotrowska 5, Daszewice.<\/p>\n","protected":false},"excerpt":{"rendered":"<p>Osoby zainteresowane informujemy, \u017ce spotykamy si\u0119 w ka\u017cdy pierwszy i trzeci czwartek miesi\u0105ca o godz. 20:00 w \u015awietlicy Wiejskiej w Daszewicach, ul. Piotrowska 5, Daszewice.<\/p>\n","protected":false},"author":2,"featured_media":0,"parent":0,"menu_order":0,"comment_status":"closed","ping_status":"closed","template":"","meta":{"footnotes":""},"class_list":["post-109","page","type-page","status-publish","hentry"],"jetpack_sharing_enabled":true,"_links":{"self":[{"href":"https:\/\/lepszedaszewice.pl\/index.php?rest_route=\/wp\/v2\/pages\/109","targetHints":{"allow":["GET"]}}],"collection":[{"href":"https:\/\/lepszedaszewice.pl\/index.php?rest_route=\/wp\/v2\/pages"}],"about":[{"href":"https:\/\/lepszedaszewice.pl\/index.php?rest_route=\/wp\/v2\/types\/page"}],"author":[{"embeddable":true,"href":"https:\/\/lepszedaszewice.pl\/index.php?rest_route=\/wp\/v2\/users\/2"}],"replies":[{"embeddable":true,"href":"https:\/\/lepszedaszewice.pl\/index.php?rest_route=%2Fwp%2Fv2%2Fcomments&post=109"}],"version-history":[{"count":6,"href":"https:\/\/lepszedaszewice.pl\/index.php?rest_route=\/wp\/v2\/pages\/109\/revisions"}],"predecessor-version":[{"id":524,"href":"https:\/\/lepszedaszewice.pl\/index.php?rest_route=\/wp\/v2\/pages\/109\/revisions\/524"}],"wp:attachment":[{"href":"https:\/\/lepszedaszewice.pl\/index.php?rest_route=%2Fwp%2Fv2%2Fmedia&parent=109"}],"curies":[{"name":"wp","href":"https:\/\/api.w.org\/{rel}","templated":true}]}}