{"id":115,"date":"2020-01-15T12:34:40","date_gmt":"2020-01-15T11:34:40","guid":{"rendered":"http:\/\/lepszedaszewice.pl\/?page_id=115"},"modified":"2024-07-03T21:52:35","modified_gmt":"2024-07-03T19:52:35","slug":"numer-konta","status":"publish","type":"page","link":"https:\/\/lepszedaszewice.pl\/?page_id=115","title":{"rendered":"Numer konta"},"content":{"rendered":"\n<p class=\"has-very-dark-gray-color has-text-color has-medium-font-size\">Numer konta bankowego, na kt\u00f3re mo\u017cna przesy\u0142a\u0107 darowizny przeznaczone na wspieranie dzia\u0142a\u0144 Stowarzyszenia. Serdecznie dzi\u0119kujemy!<\/p>\n\n\n\n<p class=\"has-very-dark-gray-color has-text-color\" style=\"font-size:30px\"> Konto nr : <strong>36 1600 1462 1883 6723 1000 0001 <\/strong> <\/p>\n","protected":false},"excerpt":{"rendered":"<p>Numer konta bankowego, na kt\u00f3re mo\u017cna przesy\u0142a\u0107 darowizny przeznaczone na wspieranie dzia\u0142a\u0144 Stowarzyszenia. Serdecznie dzi\u0119kujemy! Konto nr : 36 1600 1462 1883 6723 1000 0001<\/p>\n","protected":false},"author":2,"featured_media":0,"parent":0,"menu_order":0,"comment_status":"closed","ping_status":"closed","template":"","meta":{"footnotes":""},"class_list":["post-115","page","type-page","status-publish","hentry"],"jetpack_sharing_enabled":true,"_links":{"self":[{"href":"https:\/\/lepszedaszewice.pl\/index.php?rest_route=\/wp\/v2\/pages\/115","targetHints":{"allow":["GET"]}}],"collection":[{"href":"https:\/\/lepszedaszewice.pl\/index.php?rest_route=\/wp\/v2\/pages"}],"about":[{"href":"https:\/\/lepszedaszewice.pl\/index.php?rest_route=\/wp\/v2\/types\/page"}],"author":[{"embeddable":true,"href":"https:\/\/lepszedaszewice.pl\/index.php?rest_route=\/wp\/v2\/users\/2"}],"replies":[{"embeddable":true,"href":"https:\/\/lepszedaszewice.pl\/index.php?rest_route=%2Fwp%2Fv2%2Fcomments&post=115"}],"version-history":[{"count":5,"href":"https:\/\/lepszedaszewice.pl\/index.php?rest_route=\/wp\/v2\/pages\/115\/revisions"}],"predecessor-version":[{"id":534,"href":"https:\/\/lepszedaszewice.pl\/index.php?rest_route=\/wp\/v2\/pages\/115\/revisions\/534"}],"wp:attachment":[{"href":"https:\/\/lepszedaszewice.pl\/index.php?rest_route=%2Fwp%2Fv2%2Fmedia&parent=115"}],"curies":[{"name":"wp","href":"https:\/\/api.w.org\/{rel}","templated":true}]}}