{"id":129,"date":"2020-01-15T12:42:28","date_gmt":"2020-01-15T11:42:28","guid":{"rendered":"http:\/\/lepszedaszewice.pl\/?page_id=129"},"modified":"2020-07-19T22:33:53","modified_gmt":"2020-07-19T20:33:53","slug":"zrealizowane-projekty","status":"publish","type":"page","link":"https:\/\/lepszedaszewice.pl\/?page_id=129","title":{"rendered":"Zrealizowane projekty"},"content":{"rendered":"\n<p class=\"has-text-color has-medium-font-size has-very-dark-gray-color\">Widz\u0105c potrzeb\u0119 zmian w naszej wsi w 2015 roku zebra\u0142a si\u0119 jeszcze wtedy nieformalna grupa os\u00f3b, kt\u00f3ra wraz z \u00f3wczesn\u0105 pani\u0105 So\u0142tys zainicjowa\u0142a dzia\u0142ania na rzecz budowy chodnika w Daszewicach. Nasza determinacja oraz wiele wys\u0142anych pism i odbytych spotka\u0144 da\u0142y pozytywny efekt.&nbsp; Od dw\u00f3ch lat mieszka\u0144cy mog\u0105 bezpiecznie korzysta\u0107 z chodnika wzd\u0142u\u017c ca\u0142ej ulicy Pozna\u0144skiej a nasza wie\u015b zyska\u0142a na wygl\u0105dzie. <\/p>\n\n\n\n<p class=\"has-text-color has-medium-font-size has-very-dark-gray-color\">Dzi\u0119kujemy te\u017c mieszka\u0144com, kt\u00f3rzy zadbali o pasy zieleni\nwzd\u0142u\u017c chodnika przy swoich posesjach obsadzaj\u0105c je krzewami i kwiatami i\nrozumiej\u0105 \u017ce \u201enasze miejsce\u201d w kt\u00f3rym \u017cyjemy nie ko\u0144czy si\u0119 na p\u0142ocie naszej\ndzia\u0142ki.<\/p>\n\n\n\n<div class=\"wp-block-envira-envira-gallery\"><div id=\"envira-gallery-wrap-387\" class=\"envira-gallery-wrap envira-gallery-theme-base envira-lightbox-theme-base\" itemscope itemtype=\"https:\/\/schema.org\/ImageGallery\"><div data-row-height=\"150\" data-gallery-theme=\"normal\" id=\"envira-gallery-387\" class=\"envira-gallery-public envira-gallery-justified-public envira-gallery-0-columns envira-clear enviratope envira-gallery-css-animations\" data-envira-columns=\"0\"><div id=\"envira-gallery-item-274\" class=\"envira-gallery-item enviratope-item envira-gallery-item-1 envira-lazy-load\" style=\"padding-left: 1px; padding-bottom: 1px; padding-right: 1px;\"  itemscope itemtype=\"https:\/\/schema.org\/ImageObject\"><div class=\"envira-gallery-item-inner\"><div class=\"envira-gallery-position-overlay  envira-gallery-top-left\"><\/div><div class=\"envira-gallery-position-overlay  envira-gallery-top-right\"><\/div><div class=\"envira-gallery-position-overlay  envira-gallery-bottom-left\"><\/div><div class=\"envira-gallery-position-overlay  envira-gallery-bottom-right\"><\/div><a href=\"http:\/\/lepszedaszewice.pl\/wp-content\/uploads\/2020\/01\/2-2.jpg\" class=\"envira-gallery-387 envira-gallery-link\" rel=\"enviragallery387\" title=\"2-2\" data-envira-caption=\"2-2\" data-envira-retina=\"\" data-thumbnail=\"\"  itemprop=\"contentUrl\"><img decoding=\"async\" id=\"envira-gallery-image-274\" class=\"envira-gallery-image envira-gallery-image-1 envira-normal envira-lazy\" data-envira-index=\"1\" src=\"https:\/\/lepszedaszewice.pl\/wp-content\/uploads\/2020\/01\/2-2-640x480.jpg\" data-envira-src=\"https:\/\/lepszedaszewice.pl\/wp-content\/uploads\/2020\/01\/2-2-640x480.jpg\" data-envira-gallery-id=\"387\" data-envira-item-id=\"274\" data-envira-caption=\"2-2\" alt=\"\" title=\"2-2\"  itemprop=\"thumbnailUrl\" data-envira-srcset=\"https:\/\/lepszedaszewice.pl\/wp-content\/uploads\/2020\/01\/2-2-640x480.jpg 400w,https:\/\/lepszedaszewice.pl\/wp-content\/uploads\/2020\/01\/2-2-640x480.jpg 2x\" data-envira-width=\"300\" data-envira-height=\"200\" srcset=\"data:image\/gif;base64,R0lGODlhAQABAIAAAP\/\/\/\/\/\/\/yH5BAEKAAEALAAAAAABAAEAAAICTAEAOw==\" data-safe-src=\"data:image\/gif;base64,R0lGODlhAQABAIAAAP\/\/\/\/\/\/\/yH5BAEKAAEALAAAAAABAAEAAAICTAEAOw==\" \/><\/a><\/div><\/div><div id=\"envira-gallery-item-275\" class=\"envira-gallery-item enviratope-item envira-gallery-item-2 envira-lazy-load\" style=\"padding-left: 1px; padding-bottom: 1px; padding-right: 1px;\"  itemscope itemtype=\"https:\/\/schema.org\/ImageObject\"><div class=\"envira-gallery-item-inner\"><div class=\"envira-gallery-position-overlay  envira-gallery-top-left\"><\/div><div class=\"envira-gallery-position-overlay  envira-gallery-top-right\"><\/div><div class=\"envira-gallery-position-overlay  envira-gallery-bottom-left\"><\/div><div class=\"envira-gallery-position-overlay  envira-gallery-bottom-right\"><\/div><a href=\"http:\/\/lepszedaszewice.pl\/wp-content\/uploads\/2020\/01\/3-2.jpg\" class=\"envira-gallery-387 envira-gallery-link\" rel=\"enviragallery387\" title=\"3-2\" data-envira-caption=\"3-2\" data-envira-retina=\"\" data-thumbnail=\"\"  itemprop=\"contentUrl\"><img decoding=\"async\" id=\"envira-gallery-image-275\" class=\"envira-gallery-image envira-gallery-image-2 envira-normal envira-lazy\" data-envira-index=\"2\" src=\"https:\/\/lepszedaszewice.pl\/wp-content\/uploads\/2020\/01\/3-2-640x480.jpg\" data-envira-src=\"https:\/\/lepszedaszewice.pl\/wp-content\/uploads\/2020\/01\/3-2-640x480.jpg\" data-envira-gallery-id=\"387\" data-envira-item-id=\"275\" data-envira-caption=\"3-2\" alt=\"\" title=\"3-2\"  itemprop=\"thumbnailUrl\" data-envira-srcset=\"https:\/\/lepszedaszewice.pl\/wp-content\/uploads\/2020\/01\/3-2-640x480.jpg 400w,https:\/\/lepszedaszewice.pl\/wp-content\/uploads\/2020\/01\/3-2-640x480.jpg 2x\" data-envira-width=\"300\" data-envira-height=\"200\" srcset=\"data:image\/gif;base64,R0lGODlhAQABAIAAAP\/\/\/\/\/\/\/yH5BAEKAAEALAAAAAABAAEAAAICTAEAOw==\" data-safe-src=\"data:image\/gif;base64,R0lGODlhAQABAIAAAP\/\/\/\/\/\/\/yH5BAEKAAEALAAAAAABAAEAAAICTAEAOw==\" \/><\/a><\/div><\/div><div id=\"envira-gallery-item-273\" class=\"envira-gallery-item enviratope-item envira-gallery-item-3 envira-lazy-load\" style=\"padding-left: 1px; padding-bottom: 1px; padding-right: 1px;\"  itemscope itemtype=\"https:\/\/schema.org\/ImageObject\"><div class=\"envira-gallery-item-inner\"><div class=\"envira-gallery-position-overlay  envira-gallery-top-left\"><\/div><div class=\"envira-gallery-position-overlay  envira-gallery-top-right\"><\/div><div class=\"envira-gallery-position-overlay  envira-gallery-bottom-left\"><\/div><div class=\"envira-gallery-position-overlay  envira-gallery-bottom-right\"><\/div><a href=\"http:\/\/lepszedaszewice.pl\/wp-content\/uploads\/2020\/01\/1-1.jpg\" class=\"envira-gallery-387 envira-gallery-link\" rel=\"enviragallery387\" title=\"1-1\" data-envira-caption=\"1-1\" data-envira-retina=\"\" data-thumbnail=\"\"  itemprop=\"contentUrl\"><img decoding=\"async\" id=\"envira-gallery-image-273\" class=\"envira-gallery-image envira-gallery-image-3 envira-normal envira-lazy\" data-envira-index=\"3\" src=\"https:\/\/lepszedaszewice.pl\/wp-content\/uploads\/2020\/01\/1-1-640x480.jpg\" data-envira-src=\"https:\/\/lepszedaszewice.pl\/wp-content\/uploads\/2020\/01\/1-1-640x480.jpg\" data-envira-gallery-id=\"387\" data-envira-item-id=\"273\" data-envira-caption=\"1-1\" alt=\"\" title=\"1-1\"  itemprop=\"thumbnailUrl\" data-envira-srcset=\"https:\/\/lepszedaszewice.pl\/wp-content\/uploads\/2020\/01\/1-1-640x480.jpg 400w,https:\/\/lepszedaszewice.pl\/wp-content\/uploads\/2020\/01\/1-1-640x480.jpg 2x\" data-envira-width=\"300\" data-envira-height=\"200\" srcset=\"data:image\/gif;base64,R0lGODlhAQABAIAAAP\/\/\/\/\/\/\/yH5BAEKAAEALAAAAAABAAEAAAICTAEAOw==\" data-safe-src=\"data:image\/gif;base64,R0lGODlhAQABAIAAAP\/\/\/\/\/\/\/yH5BAEKAAEALAAAAAABAAEAAAICTAEAOw==\" \/><\/a><\/div><\/div><div id=\"envira-gallery-item-271\" class=\"envira-gallery-item enviratope-item envira-gallery-item-4 envira-lazy-load\" style=\"padding-left: 1px; padding-bottom: 1px; padding-right: 1px;\"  itemscope itemtype=\"https:\/\/schema.org\/ImageObject\"><div class=\"envira-gallery-item-inner\"><div class=\"envira-gallery-position-overlay  envira-gallery-top-left\"><\/div><div class=\"envira-gallery-position-overlay  envira-gallery-top-right\"><\/div><div class=\"envira-gallery-position-overlay  envira-gallery-bottom-left\"><\/div><div class=\"envira-gallery-position-overlay  envira-gallery-bottom-right\"><\/div><a href=\"http:\/\/lepszedaszewice.pl\/wp-content\/uploads\/2020\/01\/4.jpg\" class=\"envira-gallery-387 envira-gallery-link\" rel=\"enviragallery387\" title=\"4\" data-envira-caption=\"4\" data-envira-retina=\"\" data-thumbnail=\"\"  itemprop=\"contentUrl\"><img decoding=\"async\" id=\"envira-gallery-image-271\" class=\"envira-gallery-image envira-gallery-image-4 envira-normal envira-lazy\" data-envira-index=\"4\" src=\"https:\/\/lepszedaszewice.pl\/wp-content\/uploads\/2020\/01\/4-640x480.jpg\" data-envira-src=\"https:\/\/lepszedaszewice.pl\/wp-content\/uploads\/2020\/01\/4-640x480.jpg\" data-envira-gallery-id=\"387\" data-envira-item-id=\"271\" data-envira-caption=\"4\" alt=\"\" title=\"4\"  itemprop=\"thumbnailUrl\" data-envira-srcset=\"https:\/\/lepszedaszewice.pl\/wp-content\/uploads\/2020\/01\/4-640x480.jpg 400w,https:\/\/lepszedaszewice.pl\/wp-content\/uploads\/2020\/01\/4-640x480.jpg 2x\" data-envira-width=\"300\" data-envira-height=\"200\" srcset=\"data:image\/gif;base64,R0lGODlhAQABAIAAAP\/\/\/\/\/\/\/yH5BAEKAAEALAAAAAABAAEAAAICTAEAOw==\" data-safe-src=\"data:image\/gif;base64,R0lGODlhAQABAIAAAP\/\/\/\/\/\/\/yH5BAEKAAEALAAAAAABAAEAAAICTAEAOw==\" \/><\/a><\/div><\/div><div id=\"envira-gallery-item-466\" class=\"envira-gallery-item enviratope-item envira-gallery-item-5 envira-lazy-load\" style=\"padding-left: 1px; padding-bottom: 1px; padding-right: 1px;\"  itemscope itemtype=\"https:\/\/schema.org\/ImageObject\"><div class=\"envira-gallery-item-inner\"><div class=\"envira-gallery-position-overlay  envira-gallery-top-left\"><\/div><div class=\"envira-gallery-position-overlay  envira-gallery-top-right\"><\/div><div class=\"envira-gallery-position-overlay  envira-gallery-bottom-left\"><\/div><div class=\"envira-gallery-position-overlay  envira-gallery-bottom-right\"><\/div><a href=\"http:\/\/lepszedaszewice.pl\/wp-content\/uploads\/2020\/07\/IMG_6874-rotated.jpg\" class=\"envira-gallery-387 envira-gallery-link\" rel=\"enviragallery387\" title=\"IMG_6874\" data-envira-caption=\"IMG_6874\" data-envira-retina=\"\" data-thumbnail=\"\"  itemprop=\"contentUrl\"><img decoding=\"async\" id=\"envira-gallery-image-466\" class=\"envira-gallery-image envira-gallery-image-5 envira-normal envira-lazy\" data-envira-index=\"5\" src=\"https:\/\/lepszedaszewice.pl\/wp-content\/uploads\/2020\/07\/IMG_6874-768x1024-640x480.jpg\" data-envira-src=\"https:\/\/lepszedaszewice.pl\/wp-content\/uploads\/2020\/07\/IMG_6874-768x1024-640x480.jpg\" data-envira-gallery-id=\"387\" data-envira-item-id=\"466\" data-envira-caption=\"IMG_6874\" alt=\"\" title=\"IMG_6874\"  itemprop=\"thumbnailUrl\" data-envira-srcset=\"https:\/\/lepszedaszewice.pl\/wp-content\/uploads\/2020\/07\/IMG_6874-768x1024-640x480.jpg 400w,https:\/\/lepszedaszewice.pl\/wp-content\/uploads\/2020\/07\/IMG_6874-768x1024-640x480.jpg 2x\" data-envira-width=\"225\" data-envira-height=\"300\" srcset=\"data:image\/gif;base64,R0lGODlhAQABAIAAAP\/\/\/\/\/\/\/yH5BAEKAAEALAAAAAABAAEAAAICTAEAOw==\" data-safe-src=\"data:image\/gif;base64,R0lGODlhAQABAIAAAP\/\/\/\/\/\/\/yH5BAEKAAEALAAAAAABAAEAAAICTAEAOw==\" \/><\/a><\/div><\/div><div id=\"envira-gallery-item-467\" class=\"envira-gallery-item enviratope-item envira-gallery-item-6 envira-lazy-load\" style=\"padding-left: 1px; padding-bottom: 1px; padding-right: 1px;\"  itemscope itemtype=\"https:\/\/schema.org\/ImageObject\"><div class=\"envira-gallery-item-inner\"><div class=\"envira-gallery-position-overlay  envira-gallery-top-left\"><\/div><div class=\"envira-gallery-position-overlay  envira-gallery-top-right\"><\/div><div class=\"envira-gallery-position-overlay  envira-gallery-bottom-left\"><\/div><div class=\"envira-gallery-position-overlay  envira-gallery-bottom-right\"><\/div><a href=\"http:\/\/lepszedaszewice.pl\/wp-content\/uploads\/2020\/07\/IMG_7080-rotated.jpg\" class=\"envira-gallery-387 envira-gallery-link\" rel=\"enviragallery387\" title=\"IMG_7080\" data-envira-caption=\"IMG_7080\" data-envira-retina=\"\" data-thumbnail=\"\"  itemprop=\"contentUrl\"><img decoding=\"async\" id=\"envira-gallery-image-467\" class=\"envira-gallery-image envira-gallery-image-6 envira-normal envira-lazy\" data-envira-index=\"6\" src=\"https:\/\/lepszedaszewice.pl\/wp-content\/uploads\/2020\/07\/IMG_7080-768x1024-640x480.jpg\" data-envira-src=\"https:\/\/lepszedaszewice.pl\/wp-content\/uploads\/2020\/07\/IMG_7080-768x1024-640x480.jpg\" data-envira-gallery-id=\"387\" data-envira-item-id=\"467\" data-envira-caption=\"IMG_7080\" alt=\"\" title=\"IMG_7080\"  itemprop=\"thumbnailUrl\" data-envira-srcset=\"https:\/\/lepszedaszewice.pl\/wp-content\/uploads\/2020\/07\/IMG_7080-768x1024-640x480.jpg 400w,https:\/\/lepszedaszewice.pl\/wp-content\/uploads\/2020\/07\/IMG_7080-768x1024-640x480.jpg 2x\" data-envira-width=\"225\" data-envira-height=\"300\" srcset=\"data:image\/gif;base64,R0lGODlhAQABAIAAAP\/\/\/\/\/\/\/yH5BAEKAAEALAAAAAABAAEAAAICTAEAOw==\" data-safe-src=\"data:image\/gif;base64,R0lGODlhAQABAIAAAP\/\/\/\/\/\/\/yH5BAEKAAEALAAAAAABAAEAAAICTAEAOw==\" \/><\/a><\/div><\/div><\/div><\/div><noscript><img decoding=\"async\" src=\"https:\/\/lepszedaszewice.pl\/wp-content\/uploads\/2020\/01\/2-2.jpg\" alt=\"\" \/><img decoding=\"async\" src=\"https:\/\/lepszedaszewice.pl\/wp-content\/uploads\/2020\/01\/3-2.jpg\" alt=\"\" \/><img decoding=\"async\" src=\"https:\/\/lepszedaszewice.pl\/wp-content\/uploads\/2020\/01\/1-1.jpg\" alt=\"\" \/><img decoding=\"async\" src=\"https:\/\/lepszedaszewice.pl\/wp-content\/uploads\/2020\/01\/4.jpg\" alt=\"\" \/><img decoding=\"async\" src=\"https:\/\/lepszedaszewice.pl\/wp-content\/uploads\/2020\/07\/IMG_6874-rotated.jpg\" alt=\"\" \/><img decoding=\"async\" src=\"https:\/\/lepszedaszewice.pl\/wp-content\/uploads\/2020\/07\/IMG_7080-rotated.jpg\" alt=\"\" \/><\/noscript><\/div>\n","protected":false},"excerpt":{"rendered":"<p>Widz\u0105c potrzeb\u0119 zmian w naszej wsi w 2015 roku zebra\u0142a si\u0119 jeszcze wtedy nieformalna grupa os\u00f3b, kt\u00f3ra wraz z \u00f3wczesn\u0105 pani\u0105 So\u0142tys zainicjowa\u0142a dzia\u0142ania na rzecz budowy chodnika w Daszewicach. Nasza determinacja oraz wiele wys\u0142anych pism i odbytych spotka\u0144 da\u0142y pozytywny efekt.&nbsp; Od dw\u00f3ch lat mieszka\u0144cy mog\u0105 bezpiecznie korzysta\u0107 z chodnika wzd\u0142u\u017c ca\u0142ej ulicy Pozna\u0144skiej&hellip; <br \/> <a class=\"read-more\" href=\"https:\/\/lepszedaszewice.pl\/?page_id=129\">Dowiedz si\u0119 wi\u0119cej<\/a><\/p>\n","protected":false},"author":2,"featured_media":0,"parent":0,"menu_order":0,"comment_status":"closed","ping_status":"closed","template":"","meta":{"footnotes":""},"class_list":["post-129","page","type-page","status-publish","hentry"],"jetpack_sharing_enabled":true,"_links":{"self":[{"href":"https:\/\/lepszedaszewice.pl\/index.php?rest_route=\/wp\/v2\/pages\/129","targetHints":{"allow":["GET"]}}],"collection":[{"href":"https:\/\/lepszedaszewice.pl\/index.php?rest_route=\/wp\/v2\/pages"}],"about":[{"href":"https:\/\/lepszedaszewice.pl\/index.php?rest_route=\/wp\/v2\/types\/page"}],"author":[{"embeddable":true,"href":"https:\/\/lepszedaszewice.pl\/index.php?rest_route=\/wp\/v2\/users\/2"}],"replies":[{"embeddable":true,"href":"https:\/\/lepszedaszewice.pl\/index.php?rest_route=%2Fwp%2Fv2%2Fcomments&post=129"}],"version-history":[{"count":11,"href":"https:\/\/lepszedaszewice.pl\/index.php?rest_route=\/wp\/v2\/pages\/129\/revisions"}],"predecessor-version":[{"id":468,"href":"https:\/\/lepszedaszewice.pl\/index.php?rest_route=\/wp\/v2\/pages\/129\/revisions\/468"}],"wp:attachment":[{"href":"https:\/\/lepszedaszewice.pl\/index.php?rest_route=%2Fwp%2Fv2%2Fmedia&parent=129"}],"curies":[{"name":"wp","href":"https:\/\/api.w.org\/{rel}","templated":true}]}}