{"id":146,"date":"2020-01-15T12:50:47","date_gmt":"2020-01-15T11:50:47","guid":{"rendered":"http:\/\/lepszedaszewice.pl\/?page_id=146"},"modified":"2024-07-03T21:00:15","modified_gmt":"2024-07-03T19:00:15","slug":"mesmerize","status":"publish","type":"page","link":"https:\/\/lepszedaszewice.pl\/","title":{"rendered":"Front Page"},"content":{"rendered":"<div  data-label=\"Latest-news\" data-id=\"latest_news--1\" data-export-id=\"blog-section\" data-category=\"latest_news\" class=\"blog-section blog-section-standard content-section content-section-spacing\" id=\"latest_news-1\" style=\"background-color: rgb(255, 255, 255);\"><div  class=\"gridContainer\"> <div  class=\"row\"><div  data-type=\"column\" class=\"section-title-col\"> <h2  class=\"\">Naj\u015bwie\u017csze informacje&nbsp;<\/h2> <\/div> <\/div> <div  class=\"row\"> <div  data-type=\"row\" data-dynamic-columns=\"handled\" data-content-shortcode=\"mesmerize_latest_news\">\t\t<div class=\"row center-sm content-left-sm\">\n\t\t\t\t\t<div id=\"post-622\" class=\"col-sm-6 col-md-4 space-bottom space-bottom-xs\">\n\t\t\t\t<div class=\"post-content card y-move bordered\">\n\t\t\t\t\t\t\t\t\t\t<div class=\"col-padding col-padding-xs\">\n\t\t\t\t\t\t<h3 class=\"post-title space-bottom-small\">\n\t\t\t\t\t\t\t<a href=\"https:\/\/lepszedaszewice.pl\/?p=622\" rel=\"bookmark\">\n\t\t\t\t\t\t\t\t\u201eIntegracja Spo\u0142eczno\u015bci Daszewic dla bezpiecze\u0144stwa \u017cywno\u015bciowego i wzmacniania wi\u0119zi lokalnych\u201d\t\t\t\t\t\t\t<\/a>\n\t\t\t\t\t\t<\/h3>\n\t\t\t\t\t\t<p>Za nami wyj\u0105tkowe \u201eDni otwartych bram gospodarstw rolnych\u201d, zorganizowane w ramach projektu\u201eIntegracja Spo\u0142eczno\u015bci Daszewic dla bezpiecze\u0144stwa \u017cywno\u015bciowego i wzmacniania wi\u0119zi lokalnych\u201d. Wsp\u00f3lnie z Ko\u0142o Gospody\u0144 i Gospodarzy Wiejskich \u201eG\u0142os Daszewic\u201d[&hellip;]<\/p>\n\t\t\t\t\t\t<a class=\"read-more link\" href=\"https:\/\/lepszedaszewice.pl\/?p=622\">\n\t\t\t\t\t\t\tRead more\t\t\t\t\t\t<\/a>\n\t\t\t\t\t<\/div>\n\t\t\t\t<\/div>\n\t\t\t<\/div>\n\t\t\t\t\t\t<div id=\"post-617\" class=\"col-sm-6 col-md-4 space-bottom space-bottom-xs\">\n\t\t\t\t<div class=\"post-content card y-move bordered\">\n\t\t\t\t\t\t\t\t\t\t<div class=\"col-padding col-padding-xs\">\n\t\t\t\t\t\t<h3 class=\"post-title space-bottom-small\">\n\t\t\t\t\t\t\t<a href=\"https:\/\/lepszedaszewice.pl\/?p=617\" rel=\"bookmark\">\n\t\t\t\t\t\t\t\tSpotkanie warsztatowe dla spo\u0142eczno\u015bci Daszewic, w ramach rz\u0105dowego programu wsparcia organizacji pozarz\u0105dowych &#8211; Moc Ma\u0142ych Spo\u0142eczno\u015bci\t\t\t\t\t\t\t<\/a>\n\t\t\t\t\t\t<\/h3>\n\t\t\t\t\t\t<p>Stowarzyszenie Lepsze Daszewice we wsp\u00f3\u0142pracy z Ko\u0142em Gospody\u0144 i Gospodarzy Wiejskich \u201eG\u0142os Daszewic\u201d zorganizowa\u0142o w dniu dzisiejszym warsztaty skierowane do lokalnych rolnik\u00f3w oraz mieszka\u0144c\u00f3w zainteresowanych podj\u0119ciem wsp\u00f3lnych dzia\u0142a\u0144 na rzecz[&hellip;]<\/p>\n\t\t\t\t\t\t<a class=\"read-more link\" href=\"https:\/\/lepszedaszewice.pl\/?p=617\">\n\t\t\t\t\t\t\tRead more\t\t\t\t\t\t<\/a>\n\t\t\t\t\t<\/div>\n\t\t\t\t<\/div>\n\t\t\t<\/div>\n\t\t\t\t\t\t<div id=\"post-603\" class=\"col-sm-6 col-md-4 space-bottom space-bottom-xs\">\n\t\t\t\t<div class=\"post-content card y-move bordered\">\n\t\t\t\t\t\t\t\t\t\t<div class=\"col-padding col-padding-xs\">\n\t\t\t\t\t\t<h3 class=\"post-title space-bottom-small\">\n\t\t\t\t\t\t\t<a href=\"https:\/\/lepszedaszewice.pl\/?p=603\" rel=\"bookmark\">\n\t\t\t\t\t\t\t\tZako\u0144czenie prac na Skwerze Daszewickim\t\t\t\t\t\t\t<\/a>\n\t\t\t\t\t\t<\/h3>\n\t\t\t\t\t\t<p>Po pi\u0119ciu latach intensywnych dzia\u0142a\u0144 zwi\u0105zanych z procesem rewitalizacji, z dum\u0105 mo\u017cemy og\u0142osi\u0107 zako\u0144czenie ostatniego etapu prac. To niezwykle wa\u017cny i wzruszaj\u0105cy moment w historii naszej spo\u0142eczno\u015bci. Chwila, w kt\u00f3rej[&hellip;]<\/p>\n\t\t\t\t\t\t<a class=\"read-more link\" href=\"https:\/\/lepszedaszewice.pl\/?p=603\">\n\t\t\t\t\t\t\tRead more\t\t\t\t\t\t<\/a>\n\t\t\t\t\t<\/div>\n\t\t\t\t<\/div>\n\t\t\t<\/div>\n\t\t\t\t<\/div>\n\t<\/div><\/div> <div  class=\"row\"><div  class=\"text-center\"> <a  class=\"button color1\" data-attr-shortcode=\"href:mesmerize_blog_link\" href=\"https:\/\/lepszedaszewice.pl\/?page_id=23\">Zobacz wszystkie aktualno\u015bci <\/a><\/div> <\/div><\/div><\/div><div  data-label=\"Overlappable\" data-id=\"overlappable--1\" data-export-id=\"overlappable-4\" data-category=\"overlappable\" class=\"overlappable-4 content-section content-section-spacing\" data-overlap=\"true\" id=\"overlappable-1\" style=\"background-color: rgb(245, 250, 253); background-image: none;\"><div  class=\"\"> <div  data-type=\"row\" class=\"row spaced-cols text-center center-sm\"><div  class=\"col-xs-12 col-sm-4 col-padding\"> <a data-cp-link=\"1\" href=\"https:\/\/lepszedaszewice.pl?page_id=23\" target=\"_self\" rel=\"noopener noreferrer\"><i  class=\"fa icon shadow-large-black aligncenter color1 fa-clone reverse round\"><\/i><\/a> <div  data-type=\"column\" class=\"\"> <h5  class=\"\">AKTUALNO\u015aCI<\/h5> <\/div> <\/div> <div  class=\"col-xs-12 col-sm-4 col-padding\"> <a data-cp-link=\"1\" href=\"https:\/\/lepszedaszewice.pl?page_id=113\" target=\"_self\" rel=\"noopener noreferrer\"><\/a><a data-cp-link=\"1\" href=\"https:\/\/lepszedaszewice.pl?page_id=103\" target=\"_self\" rel=\"noopener noreferrer\"><i  class=\"fa icon shadow-large-black aligncenter color1 fa-cogs reverse round\"><\/i><\/a> <div  data-type=\"column\" class=\"\"><h5  class=\"\">PROJEKTY<\/h5> <\/div> <\/div> <div  class=\"col-xs-12 col-sm-4 col-padding\"> <a data-cp-link=\"1\" href=\"https:\/\/lepszedaszewice.pl?page_id=107\" target=\"_self\" rel=\"noopener noreferrer\"><i  class=\"fa icon shadow-large-black aligncenter color1 fa-file-image-o reverse round\"><\/i><\/a> <div  data-type=\"column\" class=\"\"><h5  class=\"\">GALERIA<\/h5> <\/div> <\/div><\/div> <\/div><\/div>","protected":false},"excerpt":{"rendered":"<p>Naj\u015bwie\u017csze informacje&nbsp; Zobacz wszystkie aktualno\u015bci AKTUALNO\u015aCI PROJEKTY GALERIA<\/p>\n","protected":false},"author":2,"featured_media":0,"parent":0,"menu_order":0,"comment_status":"closed","ping_status":"closed","template":"page-templates\/homepage.php","meta":{"footnotes":""},"class_list":["post-146","page","type-page","status-publish","hentry"],"jetpack_sharing_enabled":true,"_links":{"self":[{"href":"https:\/\/lepszedaszewice.pl\/index.php?rest_route=\/wp\/v2\/pages\/146","targetHints":{"allow":["GET"]}}],"collection":[{"href":"https:\/\/lepszedaszewice.pl\/index.php?rest_route=\/wp\/v2\/pages"}],"about":[{"href":"https:\/\/lepszedaszewice.pl\/index.php?rest_route=\/wp\/v2\/types\/page"}],"author":[{"embeddable":true,"href":"https:\/\/lepszedaszewice.pl\/index.php?rest_route=\/wp\/v2\/users\/2"}],"replies":[{"embeddable":true,"href":"https:\/\/lepszedaszewice.pl\/index.php?rest_route=%2Fwp%2Fv2%2Fcomments&post=146"}],"version-history":[{"count":20,"href":"https:\/\/lepszedaszewice.pl\/index.php?rest_route=\/wp\/v2\/pages\/146\/revisions"}],"predecessor-version":[{"id":391,"href":"https:\/\/lepszedaszewice.pl\/index.php?rest_route=\/wp\/v2\/pages\/146\/revisions\/391"}],"wp:attachment":[{"href":"https:\/\/lepszedaszewice.pl\/index.php?rest_route=%2Fwp%2Fv2%2Fmedia&parent=146"}],"curies":[{"name":"wp","href":"https:\/\/api.w.org\/{rel}","templated":true}]}}